{"id":606,"date":"2020-09-15T06:48:15","date_gmt":"2020-09-15T06:48:15","guid":{"rendered":"https:\/\/tapizadoscooper.es\/index.php\/home\/"},"modified":"2023-07-08T20:23:55","modified_gmt":"2023-07-08T20:23:55","slug":"inicio","status":"publish","type":"page","link":"https:\/\/tapizadoscooper.es\/","title":{"rendered":"Inicio"},"content":{"rendered":"\n<div class=\"wp-block-uagb-container uagb-block-795b753d alignfull uagb-is-root-container\"><div class=\"uagb-container-inner-blocks-wrap\">\n<div class=\"wp-block-uagb-info-box uagb-block-8b891269 uagb-infobox__content-wrap  uagb-infobox-icon-below-title uagb-infobox-image-valign-top\"><div class=\"uagb-ifb-content\"><div class=\"uagb-ifb-title-wrap\"><span class=\"uagb-ifb-title-prefix\">Tapicer\u00eda<\/span><div class=\"uagb-ifb-separator\"><\/div><\/div><div class=\"uagb-ifb-image-content\"><img decoding=\"async\" src=\"http:\/\/tapizadoscooper.es\/wp-content\/uploads\/2023\/07\/9.svg\" alt=\"\" width=\"0\" height=\"0\" loading=\"lazy\"\/><\/div><\/div><\/div>\n<\/div><\/div>\n\n\n\n<div class=\"wp-block-uagb-container uagb-block-da1742bd alignfull uagb-is-root-container\"><div class=\"uagb-container-inner-blocks-wrap\">\n<div class=\"wp-block-uagb-advanced-heading uagb-block-7c67b5fc\"><\/div>\n\n\n\n<div class=\"wp-block-uagb-container uagb-block-fce2011a\">\n<div class=\"wp-block-uagb-container uagb-block-a009d3f9\">\n<div class=\"wp-block-uagb-info-box uagb-block-fbf84828 uagb-infobox__content-wrap  uagb-infobox-icon-above-title uagb-infobox-image-valign-top\"><div class=\"uagb-ifb-content\"><div class=\"uagb-ifb-image-content\"><img decoding=\"async\" src=\"http:\/\/tapizadoscooper.es\/wp-content\/uploads\/2023\/07\/cuero.jpg\" alt=\"\" width=\"96\" height=\"64\" loading=\"lazy\"\/><\/div><div class=\"uagb-ifb-title-wrap\"><h5 class=\"uagb-ifb-title\">La Excelencia de Nuestros Materiales: Tapicer\u00eda de Calidad<\/h5><\/div><p class=\"uagb-ifb-desc\">En nuestra empresa de tapicer\u00eda, nos enorgullece ofrecer productos de la m\u00e1s alta calidad. Utilizamos telas resistentes y duraderas, cueros genuinos de primera calidad y espumas de densidad \u00f3ptima para garantizar el m\u00e1ximo confort y durabilidad en cada pieza que creamos. Conf\u00ede en nosotros para obtener una tapicer\u00eda de calidad excepcional.<\/p><\/div><\/div>\n<\/div>\n\n\n\n<div class=\"wp-block-uagb-container uagb-block-b512b97b\">\n<div class=\"wp-block-uagb-info-box uagb-block-871253fe uagb-infobox__content-wrap  uagb-infobox-icon-above-title uagb-infobox-image-valign-top\"><div class=\"uagb-ifb-content\"><div class=\"uagb-ifb-image-content\"><img decoding=\"async\" src=\"http:\/\/tapizadoscooper.es\/wp-content\/uploads\/2023\/07\/Sin-titulo.jpg\" alt=\"\" width=\"43\" height=\"42\" loading=\"lazy\"\/><\/div><div class=\"uagb-ifb-title-wrap\"><h5 class=\"uagb-ifb-title\">Experiencia Personalizada: Un Compromiso con la Satisfacci\u00f3n del Cliente<\/h5><\/div><p class=\"uagb-ifb-desc\">En nuestra empresa de tapicer\u00eda, nos dedicamos a brindar una experiencia personalizada a cada cliente. Valoramos el esfuerzo y la dedicaci\u00f3n que ponemos en cada trabajo realizado, siempre buscando superar las expectativas. Nos enorgullece ofrecer resultados impecables en la restauraci\u00f3n de asientos, volantes, techos y m\u00e1s, utilizando materiales de la m\u00e1s alta calidad y t\u00e9cnicas artesanales. Nuestro objetivo principal es lograr la satisfacci\u00f3n total del cliente, y nos esforzamos por crear interiores automotrices que reflejen su estilo y personalidad.<\/p><\/div><\/div>\n<\/div>\n<\/div>\n<\/div><\/div>\n\n\n\n<div class=\"wp-block-uagb-container uagb-block-48ad3f2f alignfull uagb-is-root-container\"><div class=\"uagb-container-inner-blocks-wrap\">\n<div class=\"wp-block-uagb-container uagb-block-4df82fc3\">\n<div class=\"wp-block-uagb-info-box uagb-block-8dc190ec uagb-infobox__content-wrap  uagb-infobox-icon-above-title uagb-infobox-image-valign-top\"><div class=\"uagb-ifb-content\"><div class=\"uagb-ifb-title-wrap\"><h2 class=\"uagb-ifb-title\">nuestros valores <\/h2><\/div><div class=\"uagb-ifb-separator\"><\/div><p class=\"uagb-ifb-desc\">Calidad, compromiso, excelencia y atenci\u00f3n personalizada. Nos esforzamos por superar expectativas y ofrecer resultados excepcionales en cada proyecto.<\/p><\/div><\/div>\n<\/div>\n<\/div><\/div>\n","protected":false},"excerpt":{"rendered":"","protected":false},"author":1,"featured_media":0,"parent":0,"menu_order":0,"comment_status":"closed","ping_status":"closed","template":"","meta":{"_uag_custom_page_level_css":"","site-sidebar-layout":"no-sidebar","site-content-layout":"plain-container","ast-site-content-layout":"","site-content-style":"default","site-sidebar-style":"default","ast-global-header-display":"","ast-banner-title-visibility":"","ast-main-header-display":"","ast-hfb-above-header-display":"","ast-hfb-below-header-display":"","ast-hfb-mobile-header-display":"","site-post-title":"disabled","ast-breadcrumbs-content":"","ast-featured-img":"","footer-sml-layout":"","theme-transparent-header-meta":"enabled","adv-header-id-meta":"","stick-header-meta":"","header-above-stick-meta":"","header-main-stick-meta":"","header-below-stick-meta":"","astra-migrate-meta-layouts":"default","ast-page-background-enabled":"default","ast-page-background-meta":{"desktop":{"background-color":"","background-image":"","background-repeat":"repeat","background-position":"center center","background-size":"auto","background-attachment":"scroll","background-type":"","background-media":"","overlay-type":"","overlay-color":"","overlay-opacity":"","overlay-gradient":""},"tablet":{"background-color":"","background-image":"","background-repeat":"repeat","background-position":"center center","background-size":"auto","background-attachment":"scroll","background-type":"","background-media":"","overlay-type":"","overlay-color":"","overlay-opacity":"","overlay-gradient":""},"mobile":{"background-color":"","background-image":"","background-repeat":"repeat","background-position":"center center","background-size":"auto","background-attachment":"scroll","background-type":"","background-media":"","overlay-type":"","overlay-color":"","overlay-opacity":"","overlay-gradient":""}},"ast-content-background-meta":{"desktop":{"background-color":"var(--ast-global-color-5)","background-image":"","background-repeat":"repeat","background-position":"center center","background-size":"auto","background-attachment":"scroll","background-type":"","background-media":"","overlay-type":"","overlay-color":"","overlay-opacity":"","overlay-gradient":""},"tablet":{"background-color":"var(--ast-global-color-5)","background-image":"","background-repeat":"repeat","background-position":"center center","background-size":"auto","background-attachment":"scroll","background-type":"","background-media":"","overlay-type":"","overlay-color":"","overlay-opacity":"","overlay-gradient":""},"mobile":{"background-color":"var(--ast-global-color-5)","background-image":"","background-repeat":"repeat","background-position":"center center","background-size":"auto","background-attachment":"scroll","background-type":"","background-media":"","overlay-type":"","overlay-color":"","overlay-opacity":"","overlay-gradient":""}},"footnotes":""},"class_list":["post-606","page","type-page","status-publish","hentry"],"uagb_featured_image_src":{"full":false,"thumbnail":false,"medium":false,"medium_large":false,"large":false,"1536x1536":false,"2048x2048":false},"uagb_author_info":{"display_name":"admin","author_link":"https:\/\/tapizadoscooper.es\/index.php\/author\/admin\/"},"uagb_comment_info":0,"uagb_excerpt":null,"_links":{"self":[{"href":"https:\/\/tapizadoscooper.es\/index.php\/wp-json\/wp\/v2\/pages\/606","targetHints":{"allow":["GET"]}}],"collection":[{"href":"https:\/\/tapizadoscooper.es\/index.php\/wp-json\/wp\/v2\/pages"}],"about":[{"href":"https:\/\/tapizadoscooper.es\/index.php\/wp-json\/wp\/v2\/types\/page"}],"author":[{"embeddable":true,"href":"https:\/\/tapizadoscooper.es\/index.php\/wp-json\/wp\/v2\/users\/1"}],"replies":[{"embeddable":true,"href":"https:\/\/tapizadoscooper.es\/index.php\/wp-json\/wp\/v2\/comments?post=606"}],"version-history":[{"count":14,"href":"https:\/\/tapizadoscooper.es\/index.php\/wp-json\/wp\/v2\/pages\/606\/revisions"}],"predecessor-version":[{"id":678,"href":"https:\/\/tapizadoscooper.es\/index.php\/wp-json\/wp\/v2\/pages\/606\/revisions\/678"}],"wp:attachment":[{"href":"https:\/\/tapizadoscooper.es\/index.php\/wp-json\/wp\/v2\/media?parent=606"}],"curies":[{"name":"wp","href":"https:\/\/api.w.org\/{rel}","templated":true}]}}